{"id":901,"date":"2019-04-02T15:06:10","modified":"2019-07-02T11:35:47","modified_gmt":"2019-07-02T09:35:47","slug":"storia","status":"publish","type":"page","link":"https:\/\/www.primia.it\/p\/storia\/","title":{"rendered":"Storia"},"content":{"rendered":"<div class=\"bg-primia\">\n<div class=\"container\">\n<h1 style=\"text-align: left; color: #fff;\">La nostra storia<\/h1>\n<\/div>\n<\/div>\n<div class=\"container\">\n<div class=\"row\">\n<div class=\"col-sm-6 col-xs-12\">\n<img loading=\"lazy\" decoding=\"async\" class=\"aligncenter wp-image-1151\" src=\"https:\/\/www.primia.it\/p\/wp-content\/uploads\/2019\/05\/2001.png\" alt=\"\" width=\"600\" height=\"447\" \/><br \/>\n<\/div>\n<div class=\"col-sm-6 col-xs-12 first-xs\">\n<div class=\"brand-text\">\n<h2>2001<\/h2>\n<p>I prodotti a marchio Primia nascono con l\u2019obiettivo di<strong> offrire ai clienti<\/strong> delle nostre insegne <strong>un assortimento esclusivo selezionato<\/strong> per garantire ogni giorno la migliore qualit\u00e0 ad un prezzo competitivo.<br \/>\nSotto il profilo grafico la scelta fatta all\u2019inizio del nostro percorso \u00e8 stata quella di non seguire l\u2019esempio delle insegne concorrenti che tendevano ad imitare l\u2019immagine dei prodotti dell\u2019industria di marca, ma di<strong> creare un\u2019identit\u00e0 distintiva e unica per l\u2019intera linea di prodotti firmati Primia<\/strong>, rappresentata da un bollo circolare ben visibile che caratterizza ciascun prodotto e diventa un segno riconoscibile da tutti i nostri Clienti.<\/p>\n<\/div>\n<\/div>\n<\/div>\n<\/div>\n<div class=\"container\">\n<div class=\"row\">\n<div class=\"col-sm-6 col-xs-12\">\n<div class=\"brand-text\">\n<h2>2005<\/h2>\n<p>Nel corso del 2005, dopo 4 anni di vita a scaffale, <strong>il brand e l\u2019immagine dei prodotti Primia sono stati rivisitati<\/strong> procedendo ad un <strong>ammodernamento grafico<\/strong> per comunicare con coerenza la qualit\u00e0 dei prodotti Primia: \u00e8 stato scelto di focalizzare l\u2019attenzione sulle fotografie dei singoli prodotti per rendere pi\u00f9 ordinate e chiare le informazioni specifiche di ogni singola referenza.<\/p>\n<\/div>\n<\/div>\n<div class=\"col-sm-6 col-xs-12\">\n<img loading=\"lazy\" decoding=\"async\" class=\"alignnone wp-image-1164\" src=\"https:\/\/www.primia.it\/p\/wp-content\/uploads\/2019\/05\/prodotti-primia.png\" alt=\"\" width=\"600\" height=\"447\" \/><br \/>\n<\/div>\n<\/div>\n<\/div>\n<div class=\"container\">\n<div class=\"row\">\n<div class=\"col-sm-6 col-xs-12\">\n<img loading=\"lazy\" decoding=\"async\" class=\"alignnone wp-image-1168\" src=\"https:\/\/www.primia.it\/p\/wp-content\/uploads\/2019\/05\/tanti-motivi.png\" alt=\"\" width=\"600\" height=\"447\" \/><br \/>\n<\/div>\n<div class=\"col-sm-6 col-xs-12 first-xs\">\n<div class=\"brand-text\">\n<p>Il restyling \u00e8 stato accompagnato da una<strong> campagna di comunicazione incentrata sulla forte e stretta relazione tra i nostri clienti ed i prodotti Primia<\/strong>.<strong> Una relazione basata sulla fiducia e sulla<\/strong> <strong>fedelt\u00e0 che i clienti dimostrano verso la nostra marca<\/strong>. Per questo motivo, nei diversi soggetti della campagna di comunicazione, i packaging Primia vengono riconvertiti dagli affezionati clienti in oggetti di uso quotidiano alternativo al loro primario utilizzo: una latta di piselli Primia diventa un contenitore per spazzolini e dentifricio, una bottiglia vuota di passata Primia diventa un salvadanaio.<\/p>\n<\/div>\n<\/div>\n<\/div>\n<\/div>\n<div class=\"container\">\n<div class=\"row\">\n<div class=\"col-sm-6 col-xs-12\">\n<div class=\"brand-text\">\n<h2>2008 &#8211; 2011<\/h2>\n<p><strong>In questo periodo \u00e8 stata ampliata l\u2019offerta con un deciso aumento del livello di copertura delle categorie e dei mercati<\/strong>: dal fresco ai surgelati, dalla detergenza e igiene persona, il tutto per soddisfare i principali bisogni dei nostri Clienti. In alcuni casi si \u00e8 trattato di un approfondimento di categorie importanti e consolidate, in altri, di presidio di nuovi segmenti che registravano interessanti trend di crescita, innalzando cos\u00ec la notoriet\u00e0 complessiva di Primia nei nostri punti vendita.<\/p>\n<\/div>\n<\/div>\n<div class=\"col-sm-6 col-xs-12\">\n<img loading=\"lazy\" decoding=\"async\" class=\"alignnone wp-image-1172\" src=\"https:\/\/www.primia.it\/p\/wp-content\/uploads\/2019\/05\/latte-primia.png\" alt=\"\" width=\"600\" height=\"447\" \/><br \/>\n<\/div>\n<\/div>\n<\/div>\n<div class=\"container\">\n<div class=\"row\">\n<div class=\"col-sm-6 col-xs-12\">\n<img loading=\"lazy\" decoding=\"async\" class=\"alignnone wp-image-1174\" src=\"https:\/\/www.primia.it\/p\/wp-content\/uploads\/2019\/05\/altri-prodotti.png\" alt=\"\" width=\"600\" height=\"447\" \/><br \/>\n<\/div>\n<div class=\"col-sm-6 col-xs-12 first-xs\">\n<div class=\"brand-text\">\n<p>Il nuovo intervento di design \u00e8 stato accompagnato da una campagna di comunicazione che ha riguardato le propriet\u00e0 distintive delle singole referenze. Non pi\u00f9 e soltanto una campagna di comunicazione sul marchio Primia ma una vera e propria <strong>campagna di informazione per i nostri Clienti sulla reale qualit\u00e0 che ogni singolo prodotto dell\u2019assortimento Primia garantisce<\/strong>.<\/p>\n<p>Nel 2011 si \u00e8 deciso di <strong>rinnovare ulteriormente il packaging dei prodotti<\/strong> rendendolo ancora pi\u00f9 moderno e in linea con i tempi.<br \/>\nSi \u00e8 intervenuti anche sul logo che \u00e8 stato semplificato liberandolo dal bollone.<\/p>\n<\/div>\n<\/div>\n<\/div>\n<\/div>\n<div class=\"container\">\n<h2>2015<\/h2>\n<p>Vista la costante crescita della fiducia dei nostri Clienti nei confronti dei prodotti a marchio Primia, dopo approfondita analisi, abbiamo deciso di proporre due nuove linee di prodotto a marchio Primia: \u201cVia Verde Bio\u201d e \u201cPercorsi di Gusto\u201d.<\/p>\n<\/div>\n<div class=\"container\">\n<div class=\"row\">\n<div class=\"col-sm-6 col-xs-12\">\n<div class=\"brand-text\" style=\"text-align: left;\">\n<p><strong>Via Verde Bio<\/strong><br \/>\nLa gamma ViaVerde Bio Primia nasce da una scelta etica e naturale composta da oltre 120 prodotti biologici capaci di soddisfare le esigenze di ognuno, tutelando il consumatore e l\u2019ambiente nel quale vive. I fornitori, certificati e selezionati con rigidi criteri, sono sottoposti a regolari visite ispettive per verificare il rispetto degli standard previsti direttamente \u201csul campo\u201d.<\/p>\n<\/div>\n<\/div>\n<div class=\"col-sm-6 col-xs-12\">\n<img loading=\"lazy\" decoding=\"async\" class=\"alignnone wp-image-1181\" src=\"https:\/\/www.primia.it\/p\/wp-content\/uploads\/2019\/05\/via-verde-bio-prodotti.png\" alt=\"Prodotti Via Verde Bio\" width=\"600\" height=\"447\" \/><br \/>\n<\/div>\n<\/div>\n<\/div>\n<div class=\"container\">\n<div class=\"row\">\n<div class=\"col-sm-6 col-xs-12\">\n<img loading=\"lazy\" decoding=\"async\" class=\"alignnone wp-image-1182\" src=\"https:\/\/www.primia.it\/p\/wp-content\/uploads\/2019\/05\/percorsi-digusto-prodotti.png\" alt=\"Prodotti Percorsi di Gusto\" width=\"600\" height=\"447\" \/><br \/>\n<\/div>\n<div class=\"col-sm-6 col-xs-12 first-xs\">\n<div class=\"brand-text\">\n<p><strong>Percorsi di Gusto<\/strong><br \/>\nI prodotti a marchio Percorsi di Gusto Primia nascono dai migliori ingredienti e sono lavorati con metodi artigianali, per offrire un assortimento di oltre 100 specialit\u00e0 di riconosciuta eccellenza italiana. Primia si \u00e8 dimostrata, nel tempo, un marchio capace di relazionarsi in modo sincero con i nostri Clienti offrendo loro una valida e sicura alternativa nel soddisfare i loro bisogni e le loro richieste.<\/p>\n<\/div>\n<\/div>\n<\/div>\n<\/div>\n","protected":false},"featured_media":0,"parent":0,"menu_order":0,"template":"page-fullwidth.php","meta":{"footnotes":""},"yoast_head":"<!-- This site is optimized with the Yoast SEO plugin v20.4 - https:\/\/yoast.com\/wordpress\/plugins\/seo\/ -->\n<title>Storia - Primia<\/title>\n<meta name=\"robots\" content=\"index, follow, max-snippet:-1, max-image-preview:large, max-video-preview:-1\" \/>\n<link rel=\"canonical\" href=\"https:\/\/www.primia.it\/p\/storia\/\" \/>\n<meta property=\"og:locale\" content=\"it_IT\" \/>\n<meta property=\"og:type\" content=\"article\" \/>\n<meta property=\"og:title\" content=\"Storia - Primia\" \/>\n<meta property=\"og:url\" content=\"https:\/\/www.primia.it\/p\/storia\/\" \/>\n<meta property=\"og:site_name\" content=\"Primia\" \/>\n<meta property=\"article:modified_time\" content=\"2019-07-02T09:35:47+00:00\" \/>\n<meta property=\"og:image\" content=\"https:\/\/www.primia.it\/p\/wp-content\/uploads\/2019\/05\/2001.png\" \/>\n<meta name=\"twitter:card\" content=\"summary_large_image\" \/>\n<meta name=\"twitter:label1\" content=\"Tempo di lettura stimato\" \/>\n\t<meta name=\"twitter:data1\" content=\"3 minuti\" \/>\n<script type=\"application\/ld+json\" class=\"yoast-schema-graph\">{\"@context\":\"https:\/\/schema.org\",\"@graph\":[{\"@type\":\"WebPage\",\"@id\":\"https:\/\/www.primia.it\/p\/storia\/\",\"url\":\"https:\/\/www.primia.it\/p\/storia\/\",\"name\":\"Storia - Primia\",\"isPartOf\":{\"@id\":\"https:\/\/www.primia.it\/p\/#website\"},\"datePublished\":\"2019-04-02T13:06:10+00:00\",\"dateModified\":\"2019-07-02T09:35:47+00:00\",\"breadcrumb\":{\"@id\":\"https:\/\/www.primia.it\/p\/storia\/#breadcrumb\"},\"inLanguage\":\"it-IT\",\"potentialAction\":[{\"@type\":\"ReadAction\",\"target\":[\"https:\/\/www.primia.it\/p\/storia\/\"]}]},{\"@type\":\"BreadcrumbList\",\"@id\":\"https:\/\/www.primia.it\/p\/storia\/#breadcrumb\",\"itemListElement\":[{\"@type\":\"ListItem\",\"position\":1,\"name\":\"Home\",\"item\":\"https:\/\/www.primia.it\/p\/\"},{\"@type\":\"ListItem\",\"position\":2,\"name\":\"Storia\"}]},{\"@type\":\"WebSite\",\"@id\":\"https:\/\/www.primia.it\/p\/#website\",\"url\":\"https:\/\/www.primia.it\/p\/\",\"name\":\"Primia\",\"description\":\"Spesa Online\",\"potentialAction\":[{\"@type\":\"SearchAction\",\"target\":{\"@type\":\"EntryPoint\",\"urlTemplate\":\"https:\/\/www.primia.it\/p\/?s={search_term_string}\"},\"query-input\":\"required name=search_term_string\"}],\"inLanguage\":\"it-IT\"}]}<\/script>\n<!-- \/ Yoast SEO plugin. -->","yoast_head_json":{"title":"Storia - Primia","robots":{"index":"index","follow":"follow","max-snippet":"max-snippet:-1","max-image-preview":"max-image-preview:large","max-video-preview":"max-video-preview:-1"},"canonical":"https:\/\/www.primia.it\/p\/storia\/","og_locale":"it_IT","og_type":"article","og_title":"Storia - Primia","og_url":"https:\/\/www.primia.it\/p\/storia\/","og_site_name":"Primia","article_modified_time":"2019-07-02T09:35:47+00:00","og_image":[{"url":"https:\/\/www.primia.it\/p\/wp-content\/uploads\/2019\/05\/2001.png"}],"twitter_card":"summary_large_image","twitter_misc":{"Tempo di lettura stimato":"3 minuti"},"schema":{"@context":"https:\/\/schema.org","@graph":[{"@type":"WebPage","@id":"https:\/\/www.primia.it\/p\/storia\/","url":"https:\/\/www.primia.it\/p\/storia\/","name":"Storia - Primia","isPartOf":{"@id":"https:\/\/www.primia.it\/p\/#website"},"datePublished":"2019-04-02T13:06:10+00:00","dateModified":"2019-07-02T09:35:47+00:00","breadcrumb":{"@id":"https:\/\/www.primia.it\/p\/storia\/#breadcrumb"},"inLanguage":"it-IT","potentialAction":[{"@type":"ReadAction","target":["https:\/\/www.primia.it\/p\/storia\/"]}]},{"@type":"BreadcrumbList","@id":"https:\/\/www.primia.it\/p\/storia\/#breadcrumb","itemListElement":[{"@type":"ListItem","position":1,"name":"Home","item":"https:\/\/www.primia.it\/p\/"},{"@type":"ListItem","position":2,"name":"Storia"}]},{"@type":"WebSite","@id":"https:\/\/www.primia.it\/p\/#website","url":"https:\/\/www.primia.it\/p\/","name":"Primia","description":"Spesa Online","potentialAction":[{"@type":"SearchAction","target":{"@type":"EntryPoint","urlTemplate":"https:\/\/www.primia.it\/p\/?s={search_term_string}"},"query-input":"required name=search_term_string"}],"inLanguage":"it-IT"}]}},"category_id":"","_links":{"self":[{"href":"https:\/\/www.primia.it\/p\/wp-json\/wp\/v2\/pages\/901"}],"collection":[{"href":"https:\/\/www.primia.it\/p\/wp-json\/wp\/v2\/pages"}],"about":[{"href":"https:\/\/www.primia.it\/p\/wp-json\/wp\/v2\/types\/page"}],"author":[{"embeddable":true,"href":"https:\/\/www.primia.it\/p\/wp-json\/wp\/v2\/users\/1"}],"replies":[{"embeddable":true,"href":"https:\/\/www.primia.it\/p\/wp-json\/wp\/v2\/comments?post=901"}],"version-history":[{"count":43,"href":"https:\/\/www.primia.it\/p\/wp-json\/wp\/v2\/pages\/901\/revisions"}],"predecessor-version":[{"id":98504,"href":"https:\/\/www.primia.it\/p\/wp-json\/wp\/v2\/pages\/901\/revisions\/98504"}],"wp:attachment":[{"href":"https:\/\/www.primia.it\/p\/wp-json\/wp\/v2\/media?parent=901"}],"curies":[{"name":"wp","href":"https:\/\/api.w.org\/{rel}","templated":true}]}}